{"id":7195,"date":"2020-10-19T12:57:07","date_gmt":"2020-10-19T12:57:07","guid":{"rendered":"https:\/\/indh-tangerassilah.ma\/?page_id=7195"},"modified":"2020-10-19T12:57:07","modified_gmt":"2020-10-19T12:57:07","slug":"quartier-dradeb","status":"publish","type":"page","link":"https:\/\/indh-tangerassilah.ma\/ar\/quartier-dradeb\/","title":{"rendered":"\u062d\u064a \u062f\u0631\u0627\u062f\u0628"},"content":{"rendered":"\n\t<div class=\"imgmap-frontend-image\">\n\t<div class=\"imgmap-dialog-wrapper\" id=\"imgmap-dialog-2732-1\"><\/div>\n\t<img decoding=\"async\" src=\"https:\/\/indh-tangerassilah.ma\/wp-content\/uploads\/2018\/08\/quartier-dradeb.jpg\" usemap=\"#imgmap-2732-1\" id=\"imagemap-2732-1\" \/>\n\t<map name=\"imgmap-2732-1\"><area data-type=\"popup\" data-tooltip=\"\" data-fill-color=\"16930e\" data-fill-opacity=\"0.3\" data-stroke-color=\"16930e\" data-stroke-opacity=\"1\" data-stroke-width=\"2\" data-mapkey=\"area-2953\" shape=\"poly\" coords=\"716,88,866,87,868,139,723,137,718,137\" href=\"#\" title=\"Am\u00e9nagement de 2 terrains de foot-ball\" \/><area data-type=\"popup\" data-tooltip=\"\" data-fill-color=\"16930e\" data-fill-opacity=\"0.3\" data-stroke-color=\"16930e\" data-stroke-opacity=\"1\" data-stroke-width=\"2\" data-mapkey=\"area-2952\" shape=\"poly\" coords=\"438,356,615,356,611,396,439,391\" href=\"#\" title=\"Equipement du centre d&#039;\u00e9ducation \u00e0 l&#039;environnement au coll\u00e8ge Omar Ibn Abdelaziz\" \/><area data-type=\"popup\" data-tooltip=\"\" data-fill-color=\"16930e\" data-fill-opacity=\"0.3\" data-stroke-color=\"16930e\" data-stroke-opacity=\"1\" data-stroke-width=\"2\" data-mapkey=\"area-2951\" shape=\"poly\" coords=\"389,310,509,309,508,348,394,353\" href=\"#\" title=\"Equipement d&#039;atelier d&#039;Art plastique au coll\u00e8ge Omar Ibn Abdelaziz\" \/><area data-type=\"popup\" data-tooltip=\"\" data-fill-color=\"16930e\" data-fill-opacity=\"0.3\" data-stroke-color=\"16930e\" data-stroke-opacity=\"1\" data-stroke-width=\"2\" data-mapkey=\"area-2950\" shape=\"poly\" coords=\"407,267,557,267,555,298,407,298\" href=\"#\" title=\"Am\u00e9nagement d&#039;un terrain de mini foot au coll\u00e8ge Omar Ibn Abdelaziz\" \/><area data-type=\"popup\" data-tooltip=\"\" data-fill-color=\"16930e\" data-fill-opacity=\"0.3\" data-stroke-color=\"16930e\" data-stroke-opacity=\"1\" data-stroke-width=\"2\" data-mapkey=\"area-2949\" shape=\"poly\" coords=\"562,223,695,223,693,280,693,280,693,283,568,282\" href=\"#\" title=\"Construction d&#039;un march\u00e9 de proximit\u00e9 Dradeb\" \/><area data-type=\"popup\" data-tooltip=\"\" data-fill-color=\"16930e\" data-fill-opacity=\"0.3\" data-stroke-color=\"16930e\" data-stroke-opacity=\"1\" data-stroke-width=\"2\" data-mapkey=\"area-2948\" shape=\"poly\" coords=\"620,162,749,161,750,160,751,161,751,161,753,200,753,203,753,207,622,209\" href=\"#\" title=\"Construction et \u00e9quipement d&#039;un centre de formation professionnel pour les femmes\" \/><area data-type=\"popup\" data-tooltip=\"\" data-fill-color=\"16930e\" data-fill-opacity=\"0.3\" data-stroke-color=\"16930e\" data-stroke-opacity=\"1\" data-stroke-width=\"2\" data-mapkey=\"area-2947\" shape=\"poly\" coords=\"721,219,852,220,851,261,728,263,722,257\" href=\"#\" title=\"Am\u00e9nagement de 2 terrains omnisports\" \/><area data-type=\"popup\" data-tooltip=\"\" data-fill-color=\"16930e\" data-fill-opacity=\"0.3\" data-stroke-color=\"16930e\" data-stroke-opacity=\"1\" data-stroke-width=\"2\" data-mapkey=\"area-2945\" shape=\"poly\" coords=\"869,244,995,246,995,279,866,275\" href=\"#\" title=\"Am\u00e9nagement d&#039;un espace de r\u00e9cr\u00e9ation et de sport\" \/><area data-type=\"popup\" data-tooltip=\"\" data-fill-color=\"16930e\" data-fill-opacity=\"0.3\" data-stroke-color=\"16930e\" data-stroke-opacity=\"1\" data-stroke-width=\"2\" data-mapkey=\"area-2943\" shape=\"poly\" coords=\"714,374,820,375,818,423,819,427,714,425\" href=\"#\" title=\"Construction et \u00e9quipement d&#039;une unit\u00e9 de pr\u00e9scolaire \u00e0 l&#039;\u00e9cole Soukaina\" \/><area data-type=\"popup\" data-tooltip=\"\" data-fill-color=\"16930e\" data-fill-opacity=\"0.3\" data-stroke-color=\"16930e\" data-stroke-opacity=\"1\" data-stroke-width=\"2\" data-mapkey=\"area-2942\" shape=\"poly\" coords=\"866,365,866,399,1027,400,1023,367\" href=\"#\" title=\"Construction et \u00e9quipement du centre de sant\u00e9 Dradeb\" \/><area data-type=\"popup\" data-tooltip=\"\" data-fill-color=\"16930e\" data-fill-opacity=\"0.3\" data-stroke-color=\"16930e\" data-stroke-opacity=\"1\" data-stroke-width=\"2\" data-mapkey=\"area-2941\" shape=\"poly\" coords=\"823,414,824,446,984,444,980,411\" href=\"#\" title=\"Equipement d&#039;une salle polyvalente et d&#039;une biblioth\u00e8que \u00e0 l&#039;\u00e9cole Kadi Ayad\" \/><\/map>\n\t<\/div>\n","protected":false},"excerpt":{"rendered":"","protected":false},"author":1,"featured_media":0,"parent":0,"menu_order":0,"comment_status":"closed","ping_status":"closed","template":"","meta":{"_acf_changed":false,"footnotes":""},"yst_prominent_words":[],"class_list":["post-7195","page","type-page","status-publish","hentry"],"acf":[],"_links":{"self":[{"href":"https:\/\/indh-tangerassilah.ma\/ar\/wp-json\/wp\/v2\/pages\/7195"}],"collection":[{"href":"https:\/\/indh-tangerassilah.ma\/ar\/wp-json\/wp\/v2\/pages"}],"about":[{"href":"https:\/\/indh-tangerassilah.ma\/ar\/wp-json\/wp\/v2\/types\/page"}],"author":[{"embeddable":true,"href":"https:\/\/indh-tangerassilah.ma\/ar\/wp-json\/wp\/v2\/users\/1"}],"replies":[{"embeddable":true,"href":"https:\/\/indh-tangerassilah.ma\/ar\/wp-json\/wp\/v2\/comments?post=7195"}],"version-history":[{"count":1,"href":"https:\/\/indh-tangerassilah.ma\/ar\/wp-json\/wp\/v2\/pages\/7195\/revisions"}],"predecessor-version":[{"id":7196,"href":"https:\/\/indh-tangerassilah.ma\/ar\/wp-json\/wp\/v2\/pages\/7195\/revisions\/7196"}],"wp:attachment":[{"href":"https:\/\/indh-tangerassilah.ma\/ar\/wp-json\/wp\/v2\/media?parent=7195"}],"wp:term":[{"taxonomy":"yst_prominent_words","embeddable":true,"href":"https:\/\/indh-tangerassilah.ma\/ar\/wp-json\/wp\/v2\/yst_prominent_words?post=7195"}],"curies":[{"name":"wp","href":"https:\/\/api.w.org\/{rel}","templated":true}]}}