{"id":7197,"date":"2020-10-19T12:58:31","date_gmt":"2020-10-19T12:58:31","guid":{"rendered":"https:\/\/indh-tangerassilah.ma\/?page_id=7197"},"modified":"2020-10-19T12:58:45","modified_gmt":"2020-10-19T12:58:45","slug":"quartier-mesnana","status":"publish","type":"page","link":"https:\/\/indh-tangerassilah.ma\/ar\/quartier-mesnana\/","title":{"rendered":"\u062d\u064a \u0645\u0633\u0646\u0627\u0646\u0629"},"content":{"rendered":"\n\t<div class=\"imgmap-frontend-image\">\n\t<div class=\"imgmap-dialog-wrapper\" id=\"imgmap-dialog-4215-1\"><\/div>\n\t<img decoding=\"async\" src=\"https:\/\/indh-tangerassilah.ma\/wp-content\/uploads\/2018\/08\/quartier-mesenana.jpg\" usemap=\"#imgmap-4215-1\" id=\"imagemap-4215-1\" \/>\n\t<map name=\"imgmap-4215-1\"><area data-type=\"popup\" data-tooltip=\"\" data-fill-color=\"16930e\" data-fill-opacity=\"0.3\" data-stroke-color=\"16930e\" data-stroke-opacity=\"1\" data-stroke-width=\"2\" data-mapkey=\"area-4226\" shape=\"poly\" coords=\"413,694,627,694,627,742,411,738\" href=\"#\" title=\"B\u00e9tonnage de ruelles du quartier Mesnana\" \/><area data-type=\"popup\" data-tooltip=\"\" data-fill-color=\"16930e\" data-fill-opacity=\"0.3\" data-stroke-color=\"16930e\" data-stroke-opacity=\"1\" data-stroke-width=\"2\" data-mapkey=\"area-4225\" shape=\"poly\" coords=\"1297,704,1492,704,1491,743,1487,746,1298,745\" href=\"#\" title=\"Construction et \u00e9quipement d&#039;un centre d&#039;\u00e9ducation et de formation pour la femme\" \/><area data-type=\"popup\" data-tooltip=\"\" data-fill-color=\"16930e\" data-fill-opacity=\"0.3\" data-stroke-color=\"16930e\" data-stroke-opacity=\"1\" data-stroke-width=\"2\" data-mapkey=\"area-4224\" shape=\"poly\" coords=\"1084,635,1290,635,1290,682,1094,693\" href=\"#\" title=\"Construction et \u00e9quipement du centre de sant\u00e9 Mesnana\" \/><area data-type=\"popup\" data-tooltip=\"\" data-fill-color=\"16930e\" data-fill-opacity=\"0.3\" data-stroke-color=\"16930e\" data-stroke-opacity=\"1\" data-stroke-width=\"2\" data-mapkey=\"area-4223\" shape=\"poly\" coords=\"1300,587,1520,581,1521,628,1300,631\" href=\"#\" title=\"Cr\u00e9ation d&#039;un Terrain de minifoot\" \/><area data-type=\"popup\" data-tooltip=\"\" data-fill-color=\"16930e\" data-fill-opacity=\"0.3\" data-stroke-color=\"16930e\" data-stroke-opacity=\"1\" data-stroke-width=\"2\" data-mapkey=\"area-4222\" shape=\"poly\" coords=\"1245,518,1526,524,1526,570,1245,569\" href=\"#\" title=\"Construction et \u00e9quipement de la maison de jeunes Mesnana\" \/><area data-type=\"popup\" data-tooltip=\"\" data-fill-color=\"16930e\" data-fill-opacity=\"0.3\" data-stroke-color=\"16930e\" data-stroke-opacity=\"1\" data-stroke-width=\"2\" data-mapkey=\"area-4220\" shape=\"poly\" coords=\"638,493,895,493,895,540,641,536\" href=\"#\" title=\"Cr\u00e9ation d&#039;un Terrain de basket-ball\" \/><area data-type=\"popup\" data-tooltip=\"\" data-fill-color=\"16930e\" data-fill-opacity=\"0.3\" data-stroke-color=\"16930e\" data-stroke-opacity=\"1\" data-stroke-width=\"2\" data-mapkey=\"area-4219\" shape=\"poly\" coords=\"968,433,1193,434,1190,484,965,477\" href=\"#\" title=\"Cru00e9ation d&#039;un terrain de foot-ball gazonnu00e9\" \/><area data-type=\"popup\" data-tooltip=\"\" data-fill-color=\"16930e\" data-fill-opacity=\"0.3\" data-stroke-color=\"16930e\" data-stroke-opacity=\"1\" data-stroke-width=\"2\" data-mapkey=\"area-4218\" shape=\"poly\" coords=\"919,353,919,352,1152,352,1152,389,924,388\" href=\"#\" title=\"Am\u00e9nagement d&#039;un espace de r\u00e9cr\u00e9ation\" \/><area data-type=\"popup\" data-tooltip=\"\" data-fill-color=\"16930e\" data-fill-opacity=\"0.3\" data-stroke-color=\"16930e\" data-stroke-opacity=\"1\" data-stroke-width=\"2\" data-mapkey=\"area-4216\" shape=\"poly\" coords=\"650,319,852,318,854,364,649,367\" href=\"#\" title=\"Construction du March\u00e9 de proximit\u00e9 Mesnana (capacit\u00e9: 271 b\u00e9n\u00e9ficiaires)\" \/><\/map>\n\t<\/div>\n","protected":false},"excerpt":{"rendered":"","protected":false},"author":1,"featured_media":0,"parent":0,"menu_order":0,"comment_status":"closed","ping_status":"closed","template":"","meta":{"_acf_changed":false,"footnotes":""},"yst_prominent_words":[],"class_list":["post-7197","page","type-page","status-publish","hentry"],"acf":[],"_links":{"self":[{"href":"https:\/\/indh-tangerassilah.ma\/ar\/wp-json\/wp\/v2\/pages\/7197"}],"collection":[{"href":"https:\/\/indh-tangerassilah.ma\/ar\/wp-json\/wp\/v2\/pages"}],"about":[{"href":"https:\/\/indh-tangerassilah.ma\/ar\/wp-json\/wp\/v2\/types\/page"}],"author":[{"embeddable":true,"href":"https:\/\/indh-tangerassilah.ma\/ar\/wp-json\/wp\/v2\/users\/1"}],"replies":[{"embeddable":true,"href":"https:\/\/indh-tangerassilah.ma\/ar\/wp-json\/wp\/v2\/comments?post=7197"}],"version-history":[{"count":1,"href":"https:\/\/indh-tangerassilah.ma\/ar\/wp-json\/wp\/v2\/pages\/7197\/revisions"}],"predecessor-version":[{"id":7198,"href":"https:\/\/indh-tangerassilah.ma\/ar\/wp-json\/wp\/v2\/pages\/7197\/revisions\/7198"}],"wp:attachment":[{"href":"https:\/\/indh-tangerassilah.ma\/ar\/wp-json\/wp\/v2\/media?parent=7197"}],"wp:term":[{"taxonomy":"yst_prominent_words","embeddable":true,"href":"https:\/\/indh-tangerassilah.ma\/ar\/wp-json\/wp\/v2\/yst_prominent_words?post=7197"}],"curies":[{"name":"wp","href":"https:\/\/api.w.org\/{rel}","templated":true}]}}