{"id":7199,"date":"2020-10-19T13:00:27","date_gmt":"2020-10-19T13:00:27","guid":{"rendered":"https:\/\/indh-tangerassilah.ma\/?page_id=7199"},"modified":"2020-10-19T13:00:45","modified_gmt":"2020-10-19T13:00:45","slug":"quartier-mghogha","status":"publish","type":"page","link":"https:\/\/indh-tangerassilah.ma\/ar\/quartier-mghogha\/","title":{"rendered":"\u062d\u064a \u0645\u063a\u0648\u063a\u0629"},"content":{"rendered":"\n\t<div class=\"imgmap-frontend-image\">\n\t<div class=\"imgmap-dialog-wrapper\" id=\"imgmap-dialog-3735-1\"><\/div>\n\t<img decoding=\"async\" src=\"https:\/\/indh-tangerassilah.ma\/wp-content\/uploads\/2018\/08\/quartier-mghogha-4.jpg\" usemap=\"#imgmap-3735-1\" id=\"imagemap-3735-1\" \/>\n\t<map name=\"imgmap-3735-1\"><area data-type=\"popup\" data-tooltip=\"\" data-fill-color=\"16930e\" data-fill-opacity=\"0.3\" data-stroke-color=\"16930e\" data-stroke-opacity=\"1\" data-stroke-width=\"2\" data-mapkey=\"area-3744\" shape=\"poly\" coords=\"804,723,1143,721,1143,764,804,761\" href=\"#\" title=\"Construction de salles de classes \u00e0 l&#039;\u00e9cole Ben Ajiba\" \/><area data-type=\"popup\" data-tooltip=\"\" data-fill-color=\"16930e\" data-fill-opacity=\"0.3\" data-stroke-color=\"16930e\" data-stroke-opacity=\"1\" data-stroke-width=\"2\" data-mapkey=\"area-3743\" shape=\"poly\" coords=\"1194,591,1382,595,1381,638,1197,632\" href=\"#\" title=\"Construction et \u00e9quipement d&#039;un centre d&#039;\u00e9ducation et de formation pour la femme\" \/><area data-type=\"popup\" data-tooltip=\"\" data-fill-color=\"16930e\" data-fill-opacity=\"0.3\" data-stroke-color=\"16930e\" data-stroke-opacity=\"1\" data-stroke-width=\"2\" data-mapkey=\"area-3742\" shape=\"poly\" coords=\"840,471,1050,477,1054,522,841,515\" href=\"#\" title=\"B\u00e9tonnage des ruelles du quartier Mghogha\" \/><area data-type=\"popup\" data-tooltip=\"\" data-fill-color=\"16930e\" data-fill-opacity=\"0.3\" data-stroke-color=\"16930e\" data-stroke-opacity=\"1\" data-stroke-width=\"2\" data-mapkey=\"area-3741\" shape=\"poly\" coords=\"729,390,976,395,970,440,972,444,731,440\" href=\"#\" title=\"Am\u00e9nagement d&#039;un espace vert\" \/><area data-type=\"popup\" data-tooltip=\"\" data-fill-color=\"16930e\" data-fill-opacity=\"0.3\" data-stroke-color=\"16930e\" data-stroke-opacity=\"1\" data-stroke-width=\"2\" data-mapkey=\"area-3740\" shape=\"poly\" coords=\"808,235,1003,238,1002,282,808,272\" href=\"#\" title=\"Cr\u00e9ation du pr\u00e9scolaire \u00e0 l&#039;\u00e9cole Waha\" \/><area data-type=\"popup\" data-tooltip=\"\" data-fill-color=\"16930e\" data-fill-opacity=\"0.3\" data-stroke-color=\"16930e\" data-stroke-opacity=\"1\" data-stroke-width=\"2\" data-mapkey=\"area-3739\" shape=\"poly\" coords=\"989,183,1272,184,1271,238,988,232\" href=\"#\" title=\"Am\u00e9nagement de l&#039;\u00e9cole Waha et cr\u00e9ation d&#039;une salle multim\u00e9dia\" \/><area data-type=\"popup\" data-tooltip=\"\" data-fill-color=\"16930e\" data-fill-opacity=\"0.3\" data-stroke-color=\"16930e\" data-stroke-opacity=\"1\" data-stroke-width=\"2\" data-mapkey=\"area-3738\" shape=\"poly\" coords=\"377,232,569,235,568,287,384,287\" href=\"#\" title=\"Am\u00e9nagement d&#039;un espace vert\" \/><area data-type=\"popup\" data-tooltip=\"\" data-fill-color=\"16930e\" data-fill-opacity=\"0.3\" data-stroke-color=\"16930e\" data-stroke-opacity=\"1\" data-stroke-width=\"2\" data-mapkey=\"area-3737\" shape=\"poly\" coords=\"495,150,491,150,716,150,719,201,494,198\" href=\"#\" title=\"Cr\u00e9ation de 6 terrains de sport gazonn\u00e9s\" \/><area data-type=\"popup\" data-tooltip=\"\" data-fill-color=\"16930e\" data-fill-opacity=\"0.3\" data-stroke-color=\"16930e\" data-stroke-opacity=\"1\" data-stroke-width=\"2\" data-mapkey=\"area-3736\" shape=\"poly\" coords=\"399,54,601,53,600,99,406,96,405,98\" href=\"#\" title=\" Construction du March\u00e9 de proximit\u00e9 Benkirane (capacit\u00e9: 325 b\u00e9n\u00e9ficiaires)\" \/><\/map>\n\t<\/div>\n","protected":false},"excerpt":{"rendered":"","protected":false},"author":1,"featured_media":0,"parent":0,"menu_order":0,"comment_status":"closed","ping_status":"closed","template":"","meta":{"_acf_changed":false,"footnotes":""},"yst_prominent_words":[],"class_list":["post-7199","page","type-page","status-publish","hentry"],"acf":[],"_links":{"self":[{"href":"https:\/\/indh-tangerassilah.ma\/ar\/wp-json\/wp\/v2\/pages\/7199"}],"collection":[{"href":"https:\/\/indh-tangerassilah.ma\/ar\/wp-json\/wp\/v2\/pages"}],"about":[{"href":"https:\/\/indh-tangerassilah.ma\/ar\/wp-json\/wp\/v2\/types\/page"}],"author":[{"embeddable":true,"href":"https:\/\/indh-tangerassilah.ma\/ar\/wp-json\/wp\/v2\/users\/1"}],"replies":[{"embeddable":true,"href":"https:\/\/indh-tangerassilah.ma\/ar\/wp-json\/wp\/v2\/comments?post=7199"}],"version-history":[{"count":1,"href":"https:\/\/indh-tangerassilah.ma\/ar\/wp-json\/wp\/v2\/pages\/7199\/revisions"}],"predecessor-version":[{"id":7200,"href":"https:\/\/indh-tangerassilah.ma\/ar\/wp-json\/wp\/v2\/pages\/7199\/revisions\/7200"}],"wp:attachment":[{"href":"https:\/\/indh-tangerassilah.ma\/ar\/wp-json\/wp\/v2\/media?parent=7199"}],"wp:term":[{"taxonomy":"yst_prominent_words","embeddable":true,"href":"https:\/\/indh-tangerassilah.ma\/ar\/wp-json\/wp\/v2\/yst_prominent_words?post=7199"}],"curies":[{"name":"wp","href":"https:\/\/api.w.org\/{rel}","templated":true}]}}