{"id":7203,"date":"2020-10-19T13:04:54","date_gmt":"2020-10-19T13:04:54","guid":{"rendered":"https:\/\/indh-tangerassilah.ma\/?page_id=7203"},"modified":"2020-10-19T13:08:18","modified_gmt":"2020-10-19T13:08:18","slug":"arr-souani","status":"publish","type":"page","link":"https:\/\/indh-tangerassilah.ma\/ar\/arr-souani\/","title":{"rendered":"\u0645\u0642\u0627\u0637\u0639\u0629 \u0627\u0644\u0633\u0648\u0627\u0646\u064a"},"content":{"rendered":"\n\t<div class=\"imgmap-frontend-image\">\n\t<div class=\"imgmap-dialog-wrapper\" id=\"imgmap-dialog-4409-1\"><\/div>\n\t<img decoding=\"async\" src=\"https:\/\/indh-tangerassilah.ma\/wp-content\/uploads\/2018\/09\/arr-souani-1.jpg\" usemap=\"#imgmap-4409-1\" id=\"imagemap-4409-1\" \/>\n\t<map name=\"imgmap-4409-1\"><area data-type=\"\" data-tooltip=\"\" data-fill-color=\"16930e\" data-fill-opacity=\"0.3\" data-stroke-color=\"16930e\" data-stroke-opacity=\"1\" data-stroke-width=\"2\" data-mapkey=\"area-4417\" shape=\"poly\" coords=\"93,664,333,665,329,708,94,711\" href=\"#\" title=\"\" \/><area data-type=\"popup\" data-tooltip=\"\" data-fill-color=\"16930e\" data-fill-opacity=\"0.3\" data-stroke-color=\"16930e\" data-stroke-opacity=\"1\" data-stroke-width=\"2\" data-mapkey=\"area-4416\" shape=\"poly\" coords=\"44,565,427,565,427,604,44,605\" href=\"#\" title=\"Cr\u00e9ation du centre de protection sociale des m\u00e8res en situation difficile\" \/><area data-type=\"popup\" data-tooltip=\"\" data-fill-color=\"16930e\" data-fill-opacity=\"0.3\" data-stroke-color=\"16930e\" data-stroke-opacity=\"1\" data-stroke-width=\"2\" data-mapkey=\"area-4415\" shape=\"poly\" coords=\"840,334,1155,335,1153,382,841,377\" href=\"#\" title=\"Cr\u00e9ation du centre d&#039;\u00e9ducation pour personnes en situation d&#039;handicap\" \/><area data-type=\"popup\" data-tooltip=\"\" data-fill-color=\"16930e\" data-fill-opacity=\"0.3\" data-stroke-color=\"16930e\" data-stroke-opacity=\"1\" data-stroke-width=\"2\" data-mapkey=\"area-4414\" shape=\"poly\" coords=\"695,300,844,301,842,329,693,328\" href=\"#\" title=\"Construction d&#039;une salle couverte\" \/><area data-type=\"popup\" data-tooltip=\"\" data-fill-color=\"16930e\" data-fill-opacity=\"0.3\" data-stroke-color=\"16930e\" data-stroke-opacity=\"1\" data-stroke-width=\"2\" data-mapkey=\"area-4413\" shape=\"poly\" coords=\"826,253,1100,253,1097,292,827,290\" href=\"#\" title=\"Am\u00e9nagement du foyer f\u00e9minin Souani\" \/><area data-type=\"popup\" data-tooltip=\"\" data-fill-color=\"16930e\" data-fill-opacity=\"0.3\" data-stroke-color=\"16930e\" data-stroke-opacity=\"1\" data-stroke-width=\"2\" data-mapkey=\"area-4412\" shape=\"poly\" coords=\"222,435,222,433,328,434,324,483,221,478\" href=\"#\" title=\"Cr\u00e9ation du pr\u00e9scolaire \u00e0 l&#039;\u00e9cole Fatima Zohra\" \/><area data-type=\"popup\" data-tooltip=\"\" data-fill-color=\"16930e\" data-fill-opacity=\"0.3\" data-stroke-color=\"16930e\" data-stroke-opacity=\"1\" data-stroke-width=\"2\" data-mapkey=\"area-4411\" shape=\"poly\" coords=\"687,73,993,74,993,123,689,118,686,122\" href=\"#\" title=\"Cr\u00e9ation du centre de formation et de renforcement des capacit\u00e9s des jeunes\" \/><area data-type=\"popup\" data-tooltip=\"\" data-fill-color=\"16930e\" data-fill-opacity=\"0.3\" data-stroke-color=\"16930e\" data-stroke-opacity=\"1\" data-stroke-width=\"2\" data-mapkey=\"area-4410\" shape=\"poly\" coords=\"284,150,522,148,523,191,287,190\" href=\"#\" title=\"Am\u00e9nagement du lyc\u00e9e Abass Sebti\" \/><\/map>\n\t<\/div>\n","protected":false},"excerpt":{"rendered":"","protected":false},"author":1,"featured_media":0,"parent":0,"menu_order":0,"comment_status":"closed","ping_status":"closed","template":"","meta":{"_acf_changed":false,"footnotes":""},"yst_prominent_words":[],"class_list":["post-7203","page","type-page","status-publish","hentry"],"acf":[],"_links":{"self":[{"href":"https:\/\/indh-tangerassilah.ma\/ar\/wp-json\/wp\/v2\/pages\/7203"}],"collection":[{"href":"https:\/\/indh-tangerassilah.ma\/ar\/wp-json\/wp\/v2\/pages"}],"about":[{"href":"https:\/\/indh-tangerassilah.ma\/ar\/wp-json\/wp\/v2\/types\/page"}],"author":[{"embeddable":true,"href":"https:\/\/indh-tangerassilah.ma\/ar\/wp-json\/wp\/v2\/users\/1"}],"replies":[{"embeddable":true,"href":"https:\/\/indh-tangerassilah.ma\/ar\/wp-json\/wp\/v2\/comments?post=7203"}],"version-history":[{"count":1,"href":"https:\/\/indh-tangerassilah.ma\/ar\/wp-json\/wp\/v2\/pages\/7203\/revisions"}],"predecessor-version":[{"id":7204,"href":"https:\/\/indh-tangerassilah.ma\/ar\/wp-json\/wp\/v2\/pages\/7203\/revisions\/7204"}],"wp:attachment":[{"href":"https:\/\/indh-tangerassilah.ma\/ar\/wp-json\/wp\/v2\/media?parent=7203"}],"wp:term":[{"taxonomy":"yst_prominent_words","embeddable":true,"href":"https:\/\/indh-tangerassilah.ma\/ar\/wp-json\/wp\/v2\/yst_prominent_words?post=7203"}],"curies":[{"name":"wp","href":"https:\/\/api.w.org\/{rel}","templated":true}]}}